{"id":34555,"date":"2024-09-13T14:29:38","date_gmt":"2024-09-13T12:29:38","guid":{"rendered":"https:\/\/idiks.uwr.edu.pl\/wykladowcy\/"},"modified":"2025-11-12T08:58:34","modified_gmt":"2025-11-12T07:58:34","slug":"lecturers","status":"publish","type":"page","link":"https:\/\/idiks.uwr.edu.pl\/en\/lecturers\/","title":{"rendered":"Lecturers"},"content":{"rendered":"\n<div class=\"wp-block-ugb-container ugb-container blok_nowa_podstrona ugb-8dda971 ugb-container--v2 ugb-container--design-plain ugb-main-block\"><div class=\"ugb-inner-block\"><div class=\"ugb-block-content\"><div class=\"ugb-container__wrapper ugb-8dda971-wrapper\"><div class=\"ugb-container__side\"><div class=\"ugb-container__content-wrapper ugb-8dda971-content-wrapper\">\n<div class=\"wp-block-columns bs-news-page is-layout-flex wp-block-columns-is-layout-flex\">\n<div class=\"wp-block-column bs-kontakt-photo is-layout-flow wp-block-column-is-layout-flow\">\n<figure class=\"wp-block-image size-full\"><img decoding=\"async\" src=\"https:\/\/idiks.uwr.edu.pl\/wp-content\/uploads\/sites\/576\/2025\/02\/1-scaled.jpg\" alt=\"IDiKS\" class=\"wp-image-30631\"\/><\/figure>\n<\/div>\n\n\n\n<div class=\"wp-block-column bs-contact-right-column is-layout-flow wp-block-column-is-layout-flow\">\n<div class=\"wp-block-bonasoft-modular-breadcrumbs-block\"><div class=\"bs_add_breadcrumb_trail\"><\/div><\/div>\n\n\n\n<hr class=\"wp-block-separator has-text-color has-black-color has-css-opacity has-black-background-color has-background is-style-wide bs-border-kontakt\"\/>\n\n\n<h1 style=\"font-style:normal;font-weight:700;\" class=\"bs-naglowek-podstrony wp-block-post-title\">Lecturers<\/h1>\n\n\n<h2 class=\"wp-block-heading\">Information about scientific interests and publications of IDiKS UWr staff:<\/h2>\n<\/div>\n<\/div>\n\n\n\n<div class=\"wp-block-ugb-container ugb-container bs-news-page-under ugb-f8694ce ugb-container--v2 ugb-container--design-plain ugb-main-block\"><div class=\"ugb-inner-block\"><div class=\"ugb-block-content\"><div class=\"ugb-container__wrapper ugb-f8694ce-wrapper\"><div class=\"ugb-container__side\"><div class=\"ugb-container__content-wrapper ugb-f8694ce-content-wrapper\">\n<p><span style=\"color: var(--ast-global-color-6);\" class=\"stk-highlight\"> <strong><a href=\"#B\">B<\/a><\/strong>  |  <strong><a href=\"#C\">C<\/a><\/strong>  |  <strong><a href=\"#D\">D<\/a><\/strong>  |  <strong><a href=\"#G\">G<\/a><\/strong>  |  <strong><a href=\"#J\">J<\/a><\/strong>  |  <strong><a href=\"#K\">K<\/a><\/strong>  |  <strong><a href=\"#L\">L<\/a><\/strong>  |  <strong><a href=\"#M\">M<\/a><\/strong>  |  <strong><a href=\"#N\">N<\/a><\/strong>  |  <strong><a href=\"#O\">O<\/a><\/strong>  |  <strong><a href=\"#P\">P<\/a><\/strong>  |  <strong><a href=\"#R\">R<\/a><\/strong>  |  <strong><a href=\"#S\">S<\/a><\/strong>  |  <strong><a href=\"#\u015a\">\u015a<\/a><\/strong>  |  <strong><a href=\"#U\">U<\/a><\/strong>  |  <strong><a href=\"#W\">W<\/a><\/strong>  |  <strong><a href=\"#Z\">Z<\/a><\/strong> <\/span><span style=\"color: #00000021;\" class=\"stk-highlight\">|<\/span>  <span style=\"color: var(--ast-global-color-0);\" class=\"stk-highlight\"><strong><a data-type=\"internal\" data-id=\"#\u017b\" href=\"#\u017b\">\u017b <\/a><\/strong><\/span><\/p>\n\n\n\n<p><\/p>\n\n\n\n<p><a id=\"B\"><\/a><br><br><h2>B<\/h2><\/p>\n\n\n\n<p><a href=\"https:\/\/idiks.uwr.edu.pl\/pawel-baranowski\/\" data-type=\"link\" data-id=\"https:\/\/idiks.uwr.edu.pl\/pawel-baranowski\/\">dr Pawe\u0142 Baranowski<\/a><\/p>\n\n\n\n<p><a href=\"https:\/\/idiks.uwr.edu.pl\/ewa-baszak-glebow\/\" data-type=\"link\" data-id=\"https:\/\/idiks.uwr.edu.pl\/ewa-baszak-glebow\/\">dr Ewa Baszak-Glebow<\/a><\/p>\n\n\n\n<p><a href=\"https:\/\/idiks.uwr.edu.pl\/waldemar-bojakowski\/\">dr Waldemar Bojakowski<\/a><\/p>\n\n\n\n<p>dr Klaudia Bracisiewicz<\/p>\n\n\n\n<p><a id=\"C\"><\/a><br><br><h2>C<\/h2><\/p>\n\n\n\n<p><a href=\"https:\/\/idiks.uwr.edu.pl\/malgorzata-czapiga-klag\/\" data-type=\"link\" data-id=\"https:\/\/idiks.uwr.edu.pl\/malgorzata-czapiga-klag\/\">dr Ma\u0142gorzata Czapiga-Klag<\/a><\/p>\n\n\n\n<p><a id=\"D\"><\/a><br><br><h2>D<\/h2><\/p>\n\n\n\n<p><a href=\"https:\/\/idiks.uwr.edu.pl\/sylwia-dec-pustelnik\/\" data-type=\"link\" data-id=\"https:\/\/idiks.uwr.edu.pl\/sylwia-dec-pustelnik\/\">dr Sylwia Dec-Pustelnik<\/a><\/p>\n\n\n\n<p><a href=\"https:\/\/idiks.uwr.edu.pl\/eva-duda\/\" data-type=\"link\" data-id=\"https:\/\/idiks.uwr.edu.pl\/eva-duda\/\">dr Eva Duda<\/a><\/p>\n\n\n\n<p><a href=\"https:\/\/idiks.uwr.edu.pl\/dorota-dyksik\/\">dr Dorota Dyksik<\/a><\/p>\n\n\n\n<p><a id=\"G\"><\/a><br><br><h2>G<\/h2><\/p>\n\n\n\n<p><a href=\"https:\/\/idiks.uwr.edu.pl\/dariusz-galasinski\/\" data-type=\"link\" data-id=\"https:\/\/idiks.uwr.edu.pl\/dariusz-galasinski\/\">prof. dr hab. Dariusz Galasi\u0144ski<\/a><\/p>\n\n\n\n<p><a href=\"https:\/\/idiks.uwr.edu.pl\/urszula-glensk\/\">dr hab. Urszula Glensk, prof. UWr<\/a><\/p>\n\n\n\n<p><a href=\"https:\/\/idiks.uwr.edu.pl\/dawid-glownia\/\">dr Dawid G\u0142ownia<\/a><\/p>\n\n\n\n<p><a href=\"https:\/\/idiks.uwr.edu.pl\/michal-grala\/\" data-type=\"link\" data-id=\"https:\/\/idiks.uwr.edu.pl\/michal-grala\/\">dr Micha\u0142 Grala<\/a><\/p>\n\n\n\n<p><a href=\"https:\/\/idiks.uwr.edu.pl\/michal-grech\/\">dr hab. Micha\u0142 Grech<\/a>, prof. UWr<\/p>\n\n\n\n<p><a href=\"https:\/\/idiks.uwr.edu.pl\/jacek-grebowiec\/\" data-type=\"link\" data-id=\"https:\/\/idiks.uwr.edu.pl\/jacek-grebowiec\/\">dr hab. Jacek Gr\u0119bowiec<\/a>, prof. UWr<\/p>\n\n\n\n<p><a id=\"J\"><\/a><br><br><h2>J<\/h2><\/p>\n\n\n\n<p>dr hab. Bartosz Jastrz\u0119bski, prof. UWr<\/p>\n\n\n\n<p><a id=\"K\"><\/a><br><br><h2>K<\/h2><\/p>\n\n\n\n<p><a href=\"https:\/\/idiks.uwr.edu.pl\/dorota-kokowicz\/\" data-type=\"link\" data-id=\"https:\/\/idiks.uwr.edu.pl\/dorota-kokowicz\/\">dr Dorota Kokowicz<\/a><\/p>\n\n\n\n<p>dr Ma\u0142gorzata Kolankowska <\/p>\n\n\n\n<p><a href=\"https:\/\/idiks.uwr.edu.pl\/katarzyna-konarska\/\">dr hab. Katarzyna Konarska, prof. UWr<\/a><\/p>\n\n\n\n<p><a href=\"https:\/\/idiks.uwr.edu.pl\/radoslaw-kozuszek\/\" data-type=\"link\" data-id=\"https:\/\/idiks.uwr.edu.pl\/radoslaw-kozuszek\/\">dr in\u017c. Rados\u0142aw Ko\u017cuszek<\/a><\/p>\n\n\n\n<p><a id=\"L\"><\/a><br><br><h2>L<\/h2><\/p>\n\n\n\n<p>dr Karolina Lachowska <\/p>\n\n\n\n<p><a href=\"https:\/\/idiks.uwr.edu.pl\/arkadiusz-lewicki\/\">dr hab. Arkadiusz Lewicki, prof. UWr<\/a><\/p>\n\n\n\n<p>dr Dominik Lewi\u0144ski<\/p>\n\n\n\n<p><a id=\"M\"><\/a><br><br><h2>M<\/h2><\/p>\n\n\n\n<p><a href=\"https:\/\/idiks.uwr.edu.pl\/karol-maliszewski\/\" data-type=\"link\" data-id=\"https:\/\/idiks.uwr.edu.pl\/karol-maliszewski\/\">dr hab. Karol Maliszewski<\/a>, prof. UWr<\/p>\n\n\n\n<p><a href=\"https:\/\/idiks.uwr.edu.pl\/aleksandra-matyja\/\" data-type=\"link\" data-id=\"https:\/\/idiks.uwr.edu.pl\/aleksandra-matyja\/\">dr Aleksandra Matyja<\/a><\/p>\n\n\n\n<p>mgr Filip Mecner<\/p>\n\n\n\n<p>mgr Joanna Morawiecka <\/p>\n\n\n\n<p>dr hab. J\u0119drzej Morawiecki, prof. UWr<\/p>\n\n\n\n<p><a id=\"N\"><\/a><br><br><h2>N<\/h2><\/p>\n\n\n\n<p><a href=\"https:\/\/idiks.uwr.edu.pl\/zofia-nauka\/\" data-type=\"page\" data-id=\"24320\">dr Zofia Nauka <\/a><\/p>\n\n\n\n<p><a id=\"O\"><\/a><br><br><h2>O<\/h2><\/p>\n\n\n\n<p><a href=\"https:\/\/idiks.uwr.edu.pl\/kamil-olender\/\" data-type=\"link\" data-id=\"https:\/\/idiks.uwr.edu.pl\/kamil-olender\/\">dr Kamil Olender<\/a><\/p>\n\n\n\n<p><a id=\"P\"><\/a><br><br><h2>P<\/h2><\/p>\n\n\n\n<p><a href=\"https:\/\/idiks.uwr.edu.pl\/pawel-pawinski\/\">dr Pawe\u0142 Pawi\u0144ski<\/a><\/p>\n\n\n\n<p><a href=\"https:\/\/idiks.uwr.edu.pl\/iga-pekala\/\" data-type=\"link\" data-id=\"https:\/\/idiks.uwr.edu.pl\/iga-pekala\/\">dr Iga P\u0119kala<\/a><\/p>\n\n\n\n<p><a href=\"https:\/\/idiks.uwr.edu.pl\/marcin-pieluzek\/\" data-type=\"link\" data-id=\"https:\/\/idiks.uwr.edu.pl\/marcin-pieluzek\/\">dr Marcin Pielu\u017cek<\/a><\/p>\n\n\n\n<p><a href=\"https:\/\/idiks.uwr.edu.pl\/katarzyna-ploszaj\/\">dr Katarzyna P\u0142oszaj<\/a><\/p>\n\n\n\n<p>dr hab. Leszek Pu\u0142ka, prof. UWr<\/p>\n\n\n\n<p><a id=\"R\"><\/a><br><br><h2>R<\/h2><\/p>\n\n\n\n<p><a href=\"https:\/\/idiks.uwr.edu.pl\/patrycja-rozbicka\/\" data-type=\"link\" data-id=\"https:\/\/idiks.uwr.edu.pl\/patrycja-rozbicka\/\">dr Patrycja Rozbicka<\/a><\/p>\n\n\n\n<p><a href=\"https:\/\/idiks.uwr.edu.pl\/michal-rydlewski\/\" data-type=\"link\" data-id=\"https:\/\/idiks.uwr.edu.pl\/michal-rydlewski\/\">dr Micha\u0142 Rydlewski<\/a><\/p>\n\n\n\n<p><a id=\"S\"><\/a><br><br><h2>S<\/h2><\/p>\n\n\n\n<p><a href=\"https:\/\/idiks.uwr.edu.pl\/anette-siemes\/\" data-type=\"link\" data-id=\"https:\/\/idiks.uwr.edu.pl\/anette-siemes\/\">dr hab. Annette Siemes<\/a><\/p>\n\n\n\n<p>prof. dr hab. Izabela Surynt<\/p>\n\n\n\n<p>dr Dawid Szko\u0142a <\/p>\n\n\n\n<p><a href=\"https:\/\/idiks.uwr.edu.pl\/adam-szynol\/\" data-type=\"link\" data-id=\"https:\/\/idiks.uwr.edu.pl\/adam-szynol\/\">dr hab. Adam Szynol<\/a>, prof. UWr<\/p>\n\n\n\n<p><a id=\"\u015a\"><\/a><br><br><h2>\u015a<\/h2><\/p>\n\n\n\n<p>dr \u0141ukasz \u015amigiel<\/p>\n\n\n\n<p><a id=\"U\"><\/a><br><br><h2>U<\/h2><\/p>\n\n\n\n<p><a href=\"https:\/\/idiks.uwr.edu.pl\/pawel-urbaniak\/\" data-type=\"link\" data-id=\"https:\/\/idiks.uwr.edu.pl\/pawel-urbaniak\/\">dr hab. Pawe\u0142 Urbaniak<\/a><\/p>\n\n\n\n<p><a id=\"W\"><\/a><br><br><h2>W<\/h2><\/p>\n\n\n\n<p><a href=\"https:\/\/idiks.uwr.edu.pl\/agnieszka-weglinska\/\" data-type=\"link\" data-id=\"https:\/\/idiks.uwr.edu.pl\/agnieszka-weglinska\/\">dr hab. Agnieszka W\u0119gli\u0144ska<\/a><\/p>\n\n\n\n<p><a href=\"https:\/\/idiks.uwr.edu.pl\/jakub-wilk\/\" data-type=\"link\" data-id=\"https:\/\/idiks.uwr.edu.pl\/jakub-wilk\/\">dr Jakub Wilk<\/a><\/p>\n\n\n\n<p><a href=\"https:\/\/idiks.uwr.edu.pl\/roman-wroblewski\/\" data-type=\"link\" data-id=\"https:\/\/idiks.uwr.edu.pl\/roman-wroblewski\/\">dr Roman Wr\u00f3blewski<\/a><\/p>\n\n\n\n<p><a id=\"Z\"><\/a><br><br><h2>Z<\/h2><\/p>\n\n\n\n<p>dr Agnieszka Zwiefka-Chwa\u0142ek<\/p>\n\n\n\n<p><a id=\"\u017b\"><\/a><br><br><h2>\u017b<\/h2><\/p>\n\n\n\n<p><a href=\"https:\/\/idiks.uwr.edu.pl\/lukasz-zukowski\/\">dr \u0141ukasz \u017bukowski<\/a><\/p>\n<\/div><\/div><\/div><\/div><\/div><\/div>\n<\/div><\/div><\/div><\/div><\/div><\/div>\n","protected":false},"excerpt":{"rendered":"<p>Information about scientific interests and publications of IDiKS UWr staff: B | C | D | G | J | K | L | M | N | O | P | R | S | \u015a | U | W | Z | \u017b B dr Pawe\u0142 Baranowski dr Ewa Baszak-Glebow dr Waldemar Bojakowski [&hellip;]<\/p>\n","protected":false},"author":9420,"featured_media":0,"parent":0,"menu_order":0,"comment_status":"closed","ping_status":"closed","template":"","meta":{"_acf_changed":false,"inline_featured_image":false,"site-sidebar-layout":"default","site-content-layout":"","ast-site-content-layout":"default","site-content-style":"default","site-sidebar-style":"default","ast-global-header-display":"","ast-banner-title-visibility":"","ast-main-header-display":"","ast-hfb-above-header-display":"","ast-hfb-below-header-display":"","ast-hfb-mobile-header-display":"","site-post-title":"","ast-breadcrumbs-content":"","ast-featured-img":"","footer-sml-layout":"","ast-disable-related-posts":"","theme-transparent-header-meta":"","adv-header-id-meta":"","stick-header-meta":"","header-above-stick-meta":"","header-main-stick-meta":"","header-below-stick-meta":"","astra-migrate-meta-layouts":"set","ast-page-background-enabled":"default","ast-page-background-meta":{"desktop":{"background-color":"","background-image":"","background-repeat":"repeat","background-position":"center center","background-size":"auto","background-attachment":"scroll","background-type":"","background-media":"","overlay-type":"","overlay-color":"","overlay-opacity":"","overlay-gradient":""},"tablet":{"background-color":"","background-image":"","background-repeat":"repeat","background-position":"center center","background-size":"auto","background-attachment":"scroll","background-type":"","background-media":"","overlay-type":"","overlay-color":"","overlay-opacity":"","overlay-gradient":""},"mobile":{"background-color":"","background-image":"","background-repeat":"repeat","background-position":"center center","background-size":"auto","background-attachment":"scroll","background-type":"","background-media":"","overlay-type":"","overlay-color":"","overlay-opacity":"","overlay-gradient":""}},"ast-content-background-meta":{"desktop":{"background-color":"var(--ast-global-color-5)","background-image":"","background-repeat":"repeat","background-position":"center center","background-size":"auto","background-attachment":"scroll","background-type":"","background-media":"","overlay-type":"","overlay-color":"","overlay-opacity":"","overlay-gradient":""},"tablet":{"background-color":"var(--ast-global-color-5)","background-image":"","background-repeat":"repeat","background-position":"center center","background-size":"auto","background-attachment":"scroll","background-type":"","background-media":"","overlay-type":"","overlay-color":"","overlay-opacity":"","overlay-gradient":""},"mobile":{"background-color":"var(--ast-global-color-5)","background-image":"","background-repeat":"repeat","background-position":"center center","background-size":"auto","background-attachment":"scroll","background-type":"","background-media":"","overlay-type":"","overlay-color":"","overlay-opacity":"","overlay-gradient":""}},"footnotes":""},"categories":[235],"tags":[],"class_list":["post-34555","page","type-page","status-publish","hentry","category-wykladowcy-en"],"featured_image_urls_v2":{"full":"","thumbnail":"","medium":"","medium_large":"","large":"","1536x1536":"","2048x2048":"","menu-24x24":"","menu-36x36":"","menu-48x48":""},"post_excerpt_stackable_v2":"<p>Lecturers Information about scientific interests and publications of IDiKS UWr staff: B | C | D | G | J | K | L | M | N | O | P | R | S | \u015a | U | W | Z | \u017b B dr Pawe\u0142 Baranowski dr Ewa Baszak-Glebow dr Waldemar Bojakowski dr Klaudia Bracisiewicz C dr Ma\u0142gorzata Czapiga-Klag D dr Sylwia Dec-Pustelnik dr Eva Duda dr Dorota Dyksik G prof. dr hab. Dariusz Galasi\u0144ski dr hab. Urszula Glensk, prof. UWr dr Dawid G\u0142ownia dr Micha\u0142 Grala dr hab. Micha\u0142 Grech, prof. UWr dr hab. Jacek&hellip;<\/p>\n","category_list_v2":"<a href=\"https:\/\/idiks.uwr.edu.pl\/en\/category\/wykladowcy-en\/\" rel=\"category tag\">Wyk\u0142adowcy<\/a>","author_info_v2":{"name":"znauka","url":"https:\/\/idiks.uwr.edu.pl\/en\/author\/znauka\/"},"comments_num_v2":"0 comments","acf":[],"yoast_head":"<!-- This site is optimized with the Yoast SEO plugin v27.1.1 - https:\/\/yoast.com\/product\/yoast-seo-wordpress\/ -->\n<title>Lecturers - Institute of Journalism and Social Communication<\/title>\n<meta name=\"robots\" content=\"index, follow, max-snippet:-1, max-image-preview:large, max-video-preview:-1\" \/>\n<link rel=\"canonical\" href=\"https:\/\/idiks.uwr.edu.pl\/en\/lecturers\/\" \/>\n<meta property=\"og:locale\" content=\"en_US\" \/>\n<meta property=\"og:type\" content=\"article\" \/>\n<meta property=\"og:title\" content=\"Lecturers - Institute of Journalism and Social Communication\" \/>\n<meta property=\"og:description\" content=\"Information about scientific interests and publications of IDiKS UWr staff: B | C | D | G | J | K | L | M | N | O | P | R | S | \u015a | U | W | Z | \u017b B dr Pawe\u0142 Baranowski dr Ewa Baszak-Glebow dr Waldemar Bojakowski [&hellip;]\" \/>\n<meta property=\"og:url\" content=\"https:\/\/idiks.uwr.edu.pl\/en\/lecturers\/\" \/>\n<meta property=\"og:site_name\" content=\"Institute of Journalism and Social Communication\" \/>\n<meta property=\"article:modified_time\" content=\"2025-11-12T07:58:34+00:00\" \/>\n<meta name=\"twitter:card\" content=\"summary_large_image\" \/>\n<meta name=\"twitter:label1\" content=\"Est. reading time\" \/>\n\t<meta name=\"twitter:data1\" content=\"2 minutes\" \/>\n<script type=\"application\/ld+json\" class=\"yoast-schema-graph\">{\"@context\":\"https:\/\/schema.org\",\"@graph\":[{\"@type\":\"WebPage\",\"@id\":\"https:\/\/idiks.uwr.edu.pl\/en\/lecturers\/\",\"url\":\"https:\/\/idiks.uwr.edu.pl\/en\/lecturers\/\",\"name\":\"Lecturers - Institute of Journalism and Social Communication\",\"isPartOf\":{\"@id\":\"https:\/\/idiks.uwr.edu.pl\/#website\"},\"primaryImageOfPage\":{\"@id\":\"https:\/\/idiks.uwr.edu.pl\/en\/lecturers\/#primaryimage\"},\"image\":{\"@id\":\"https:\/\/idiks.uwr.edu.pl\/en\/lecturers\/#primaryimage\"},\"thumbnailUrl\":\"https:\/\/idiks.uwr.edu.pl\/wp-content\/uploads\/sites\/576\/2025\/02\/1-scaled.jpg\",\"datePublished\":\"2024-09-13T12:29:38+00:00\",\"dateModified\":\"2025-11-12T07:58:34+00:00\",\"breadcrumb\":{\"@id\":\"https:\/\/idiks.uwr.edu.pl\/en\/lecturers\/#breadcrumb\"},\"inLanguage\":\"en-US\",\"potentialAction\":[{\"@type\":\"ReadAction\",\"target\":[\"https:\/\/idiks.uwr.edu.pl\/en\/lecturers\/\"]}]},{\"@type\":\"ImageObject\",\"inLanguage\":\"en-US\",\"@id\":\"https:\/\/idiks.uwr.edu.pl\/en\/lecturers\/#primaryimage\",\"url\":\"https:\/\/idiks.uwr.edu.pl\/wp-content\/uploads\/sites\/576\/2025\/02\/1-scaled.jpg\",\"contentUrl\":\"https:\/\/idiks.uwr.edu.pl\/wp-content\/uploads\/sites\/576\/2025\/02\/1-scaled.jpg\"},{\"@type\":\"BreadcrumbList\",\"@id\":\"https:\/\/idiks.uwr.edu.pl\/en\/lecturers\/#breadcrumb\",\"itemListElement\":[{\"@type\":\"ListItem\",\"position\":1,\"name\":\"Strona g\u0142\u00f3wna\",\"item\":\"https:\/\/idiks.uwr.edu.pl\/en\/\"},{\"@type\":\"ListItem\",\"position\":2,\"name\":\"Lecturers\"}]},{\"@type\":\"WebSite\",\"@id\":\"https:\/\/idiks.uwr.edu.pl\/#website\",\"url\":\"https:\/\/idiks.uwr.edu.pl\/\",\"name\":\"Institute of Journalism and Social Communication\",\"description\":\"Kolejna witryna sieci \u201eUWR Witryny\u201d\",\"publisher\":{\"@id\":\"https:\/\/idiks.uwr.edu.pl\/#organization\"},\"potentialAction\":[{\"@type\":\"SearchAction\",\"target\":{\"@type\":\"EntryPoint\",\"urlTemplate\":\"https:\/\/idiks.uwr.edu.pl\/?s={search_term_string}\"},\"query-input\":{\"@type\":\"PropertyValueSpecification\",\"valueRequired\":true,\"valueName\":\"search_term_string\"}}],\"inLanguage\":\"en-US\"},{\"@type\":\"Organization\",\"@id\":\"https:\/\/idiks.uwr.edu.pl\/#organization\",\"name\":\"Institute of Journalism and Social Communication\",\"url\":\"https:\/\/idiks.uwr.edu.pl\/\",\"logo\":{\"@type\":\"ImageObject\",\"inLanguage\":\"en-US\",\"@id\":\"https:\/\/idiks.uwr.edu.pl\/#\/schema\/logo\/image\/\",\"url\":\"https:\/\/idiks.uwr.edu.pl\/wp-content\/uploads\/sites\/576\/2025\/10\/UWr-logotyp-2025.png\",\"contentUrl\":\"https:\/\/idiks.uwr.edu.pl\/wp-content\/uploads\/sites\/576\/2025\/10\/UWr-logotyp-2025.png\",\"width\":764,\"height\":269,\"caption\":\"Institute of Journalism and Social Communication\"},\"image\":{\"@id\":\"https:\/\/idiks.uwr.edu.pl\/#\/schema\/logo\/image\/\"}}]}<\/script>\n<!-- \/ Yoast SEO plugin. -->","yoast_head_json":{"title":"Lecturers - Institute of Journalism and Social Communication","robots":{"index":"index","follow":"follow","max-snippet":"max-snippet:-1","max-image-preview":"max-image-preview:large","max-video-preview":"max-video-preview:-1"},"canonical":"https:\/\/idiks.uwr.edu.pl\/en\/lecturers\/","og_locale":"en_US","og_type":"article","og_title":"Lecturers - Institute of Journalism and Social Communication","og_description":"Information about scientific interests and publications of IDiKS UWr staff: B | C | D | G | J | K | L | M | N | O | P | R | S | \u015a | U | W | Z | \u017b B dr Pawe\u0142 Baranowski dr Ewa Baszak-Glebow dr Waldemar Bojakowski [&hellip;]","og_url":"https:\/\/idiks.uwr.edu.pl\/en\/lecturers\/","og_site_name":"Institute of Journalism and Social Communication","article_modified_time":"2025-11-12T07:58:34+00:00","twitter_card":"summary_large_image","twitter_misc":{"Est. reading time":"2 minutes"},"schema":{"@context":"https:\/\/schema.org","@graph":[{"@type":"WebPage","@id":"https:\/\/idiks.uwr.edu.pl\/en\/lecturers\/","url":"https:\/\/idiks.uwr.edu.pl\/en\/lecturers\/","name":"Lecturers - Institute of Journalism and Social Communication","isPartOf":{"@id":"https:\/\/idiks.uwr.edu.pl\/#website"},"primaryImageOfPage":{"@id":"https:\/\/idiks.uwr.edu.pl\/en\/lecturers\/#primaryimage"},"image":{"@id":"https:\/\/idiks.uwr.edu.pl\/en\/lecturers\/#primaryimage"},"thumbnailUrl":"https:\/\/idiks.uwr.edu.pl\/wp-content\/uploads\/sites\/576\/2025\/02\/1-scaled.jpg","datePublished":"2024-09-13T12:29:38+00:00","dateModified":"2025-11-12T07:58:34+00:00","breadcrumb":{"@id":"https:\/\/idiks.uwr.edu.pl\/en\/lecturers\/#breadcrumb"},"inLanguage":"en-US","potentialAction":[{"@type":"ReadAction","target":["https:\/\/idiks.uwr.edu.pl\/en\/lecturers\/"]}]},{"@type":"ImageObject","inLanguage":"en-US","@id":"https:\/\/idiks.uwr.edu.pl\/en\/lecturers\/#primaryimage","url":"https:\/\/idiks.uwr.edu.pl\/wp-content\/uploads\/sites\/576\/2025\/02\/1-scaled.jpg","contentUrl":"https:\/\/idiks.uwr.edu.pl\/wp-content\/uploads\/sites\/576\/2025\/02\/1-scaled.jpg"},{"@type":"BreadcrumbList","@id":"https:\/\/idiks.uwr.edu.pl\/en\/lecturers\/#breadcrumb","itemListElement":[{"@type":"ListItem","position":1,"name":"Strona g\u0142\u00f3wna","item":"https:\/\/idiks.uwr.edu.pl\/en\/"},{"@type":"ListItem","position":2,"name":"Lecturers"}]},{"@type":"WebSite","@id":"https:\/\/idiks.uwr.edu.pl\/#website","url":"https:\/\/idiks.uwr.edu.pl\/","name":"Institute of Journalism and Social Communication","description":"Kolejna witryna sieci \u201eUWR Witryny\u201d","publisher":{"@id":"https:\/\/idiks.uwr.edu.pl\/#organization"},"potentialAction":[{"@type":"SearchAction","target":{"@type":"EntryPoint","urlTemplate":"https:\/\/idiks.uwr.edu.pl\/?s={search_term_string}"},"query-input":{"@type":"PropertyValueSpecification","valueRequired":true,"valueName":"search_term_string"}}],"inLanguage":"en-US"},{"@type":"Organization","@id":"https:\/\/idiks.uwr.edu.pl\/#organization","name":"Institute of Journalism and Social Communication","url":"https:\/\/idiks.uwr.edu.pl\/","logo":{"@type":"ImageObject","inLanguage":"en-US","@id":"https:\/\/idiks.uwr.edu.pl\/#\/schema\/logo\/image\/","url":"https:\/\/idiks.uwr.edu.pl\/wp-content\/uploads\/sites\/576\/2025\/10\/UWr-logotyp-2025.png","contentUrl":"https:\/\/idiks.uwr.edu.pl\/wp-content\/uploads\/sites\/576\/2025\/10\/UWr-logotyp-2025.png","width":764,"height":269,"caption":"Institute of Journalism and Social Communication"},"image":{"@id":"https:\/\/idiks.uwr.edu.pl\/#\/schema\/logo\/image\/"}}]}},"publishpress_future_action":{"enabled":false,"date":"2026-04-18 10:30:29","action":"change-status","newStatus":"draft","terms":[],"taxonomy":"category","extraData":[]},"publishpress_future_workflow_manual_trigger":{"enabledWorkflows":[]},"_links":{"self":[{"href":"https:\/\/idiks.uwr.edu.pl\/en\/wp-json\/wp\/v2\/pages\/34555\/"}],"collection":[{"href":"https:\/\/idiks.uwr.edu.pl\/en\/wp-json\/wp\/v2\/pages\/"}],"about":[{"href":"https:\/\/idiks.uwr.edu.pl\/en\/wp-json\/wp\/v2\/types\/page\/"}],"author":[{"embeddable":true,"href":"https:\/\/idiks.uwr.edu.pl\/en\/wp-json\/wp\/v2\/users\/9420\/"}],"replies":[{"embeddable":true,"href":"https:\/\/idiks.uwr.edu.pl\/en\/wp-json\/wp\/v2\/comments\/?post=34555"}],"version-history":[{"count":2,"href":"https:\/\/idiks.uwr.edu.pl\/en\/wp-json\/wp\/v2\/pages\/34555\/revisions\/"}],"predecessor-version":[{"id":38740,"href":"https:\/\/idiks.uwr.edu.pl\/en\/wp-json\/wp\/v2\/pages\/34555\/revisions\/38740\/"}],"wp:attachment":[{"href":"https:\/\/idiks.uwr.edu.pl\/en\/wp-json\/wp\/v2\/media\/?parent=34555"}],"wp:term":[{"taxonomy":"category","embeddable":true,"href":"https:\/\/idiks.uwr.edu.pl\/en\/wp-json\/wp\/v2\/categories\/?post=34555"},{"taxonomy":"post_tag","embeddable":true,"href":"https:\/\/idiks.uwr.edu.pl\/en\/wp-json\/wp\/v2\/tags\/?post=34555"}],"curies":[{"name":"wp","href":"https:\/\/api.w.org\/{rel}","templated":true}]}}